{"id":1502,"date":"2022-03-25T12:29:11","date_gmt":"2022-03-25T12:29:11","guid":{"rendered":"https:\/\/ohmyhost360.com\/?page_id=1502"},"modified":"2022-03-25T12:29:42","modified_gmt":"2022-03-25T12:29:42","slug":"politica-de-cookies","status":"publish","type":"page","link":"https:\/\/ohmyhost360.com\/en\/politica-de-cookies\/","title":{"rendered":"Cookies policy"},"content":{"rendered":"<div>\n<p>Una cookie se refiere a un fichero que es enviado con la finalidad de solicitar permiso para almacenarse en su ordenador, al aceptar dicho fichero se crea y la cookie sirve entonces para tener informaci\u00f3n respecto al tr\u00e1fico web, y tambi\u00e9n facilita las futuras visitas a una web recurrente. Otra funci\u00f3n que tienen las cookies es que con ellas las web pueden reconocerte individualmente y por tanto brindarte el mejor servicio personalizado de su web.<\/p>\n<\/div>\n<div>\n<p>Nuestro sitio web emplea las cookies para poder identificar las p\u00e1ginas que son visitadas y su frecuencia. Esta informaci\u00f3n es empleada \u00fanicamente para an\u00e1lisis estad\u00edstico y despu\u00e9s la informaci\u00f3n se elimina de forma permanente. Usted puede eliminar las cookies en cualquier momento desde su ordenador. Sin embargo las cookies ayudan a proporcionar un mejor servicio de los sitios web, pues \u00e9stas no dan acceso a informaci\u00f3n de su ordenador ni de usted, a menos de que usted as\u00ed lo quiera y la proporcione directamente. Usted puede aceptar o negar el uso de cookies, sin embargo la mayor\u00eda de navegadores aceptan cookies autom\u00e1ticamente pues sirve para tener un mejor servicio web. Tambi\u00e9n usted puede cambiar la configuraci\u00f3n de su ordenador para declinar las cookies. Si se declinan es posible que no pueda utilizar algunos de nuestros servicios.<\/p>\n<\/div>\n<div>\n<p>Puede usted permitir, bloquear o eliminar las cookies instaladas en su equipo mediante la configuraci\u00f3n de las opciones del navegador instalado en su ordenador.<\/p>\n<\/div>\n<div>\n<p>Para m\u00e1s informaci\u00f3n sobre Google Chrome, <a href=\"https:\/\/support.google.com\/chrome\/answer\/95647?hl=es\">pulse aqu\u00ed<\/a>.<\/p>\n<\/div>\n<div>\n<p>Para m\u00e1s informaci\u00f3n sobre Mozilla Firefox <a href=\"https:\/\/support.mozilla.org\/es\/kb\/habilitar-y-deshabilitar-cookies-sitios-web-rastrear-preferencias?redirectlocale=es&amp;as=s&amp;s=cookies&amp;r=7&amp;esab=a&amp;redirectslug=habilitar-y-deshabilitar-cookies-que-los-sitios-we\">pulse aqu\u00ed<\/a>.<\/p>\n<\/div>\n<div>\n<p>Para m\u00e1s informaci\u00f3n sobre Internet Explorer <a href=\"https:\/\/support.microsoft.com\/en-us\/products\/windows?os=windows-10\">pulse aqu\u00ed<\/a>.<\/p>\n<\/div>\n<div>\n<p>Para m\u00e1s informaci\u00f3n sobre Safari <a href=\"https:\/\/support.apple.com\/kb\/PH21411?viewlocale=es_ES&amp;locale=es_ES\">pulse aqu\u00ed<\/a>.<\/p>\n<\/div>","protected":false},"excerpt":{"rendered":"<p>Una cookie se refiere a un fichero que es enviado con la finalidad de solicitar permiso para almacenarse en su ordenador, al aceptar dicho fichero se crea y la cookie sirve entonces para tener informaci\u00f3n respecto al tr\u00e1fico web, y tambi\u00e9n facilita las futuras visitas a una web recurrente. Otra funci\u00f3n que tienen las cookies [&hellip;]<\/p>","protected":false},"author":1,"featured_media":0,"parent":0,"menu_order":0,"comment_status":"closed","ping_status":"closed","template":"","meta":[],"yoast_head":"<!-- This site is optimized with the Yoast SEO plugin v18.4.1 - https:\/\/yoast.com\/wordpress\/plugins\/seo\/ -->\n<title>Pol\u00edtica de cookies - Oh my host 360<\/title>\n<meta name=\"robots\" content=\"index, follow, max-snippet:-1, max-image-preview:large, max-video-preview:-1\" \/>\n<link rel=\"canonical\" href=\"https:\/\/ohmyhost360.com\/en\/politica-de-cookies\/\" \/>\n<meta property=\"og:locale\" content=\"en_GB\" \/>\n<meta property=\"og:type\" content=\"article\" \/>\n<meta property=\"og:title\" content=\"Pol\u00edtica de cookies - Oh my host 360\" \/>\n<meta property=\"og:description\" content=\"Una cookie se refiere a un fichero que es enviado con la finalidad de solicitar permiso para almacenarse en su ordenador, al aceptar dicho fichero se crea y la cookie sirve entonces para tener informaci\u00f3n respecto al tr\u00e1fico web, y tambi\u00e9n facilita las futuras visitas a una web recurrente. Otra funci\u00f3n que tienen las cookies [&hellip;]\" \/>\n<meta property=\"og:url\" content=\"https:\/\/ohmyhost360.com\/en\/politica-de-cookies\/\" \/>\n<meta property=\"og:site_name\" content=\"Oh my host 360\" \/>\n<meta property=\"article:modified_time\" content=\"2022-03-25T12:29:42+00:00\" \/>\n<meta name=\"twitter:card\" content=\"summary_large_image\" \/>\n<meta name=\"twitter:label1\" content=\"Estimated reading time\" \/>\n\t<meta name=\"twitter:data1\" content=\"1 minute\" \/>\n<script type=\"application\/ld+json\" class=\"yoast-schema-graph\">{\"@context\":\"https:\/\/schema.org\",\"@graph\":[{\"@type\":\"WebSite\",\"@id\":\"https:\/\/ohmyhost360.com\/#website\",\"url\":\"https:\/\/ohmyhost360.com\/\",\"name\":\"Oh my host 360\",\"description\":\"Alquiler y gesti\u00f3n de apartamentos tur\u00edsticos en Gran Canaria\",\"potentialAction\":[{\"@type\":\"SearchAction\",\"target\":{\"@type\":\"EntryPoint\",\"urlTemplate\":\"https:\/\/ohmyhost360.com\/?s={search_term_string}\"},\"query-input\":\"required name=search_term_string\"}],\"inLanguage\":\"en-GB\"},{\"@type\":\"WebPage\",\"@id\":\"https:\/\/ohmyhost360.com\/politica-de-cookies\/#webpage\",\"url\":\"https:\/\/ohmyhost360.com\/politica-de-cookies\/\",\"name\":\"Pol\u00edtica de cookies - Oh my host 360\",\"isPartOf\":{\"@id\":\"https:\/\/ohmyhost360.com\/#website\"},\"datePublished\":\"2022-03-25T12:29:11+00:00\",\"dateModified\":\"2022-03-25T12:29:42+00:00\",\"breadcrumb\":{\"@id\":\"https:\/\/ohmyhost360.com\/politica-de-cookies\/#breadcrumb\"},\"inLanguage\":\"en-GB\",\"potentialAction\":[{\"@type\":\"ReadAction\",\"target\":[\"https:\/\/ohmyhost360.com\/politica-de-cookies\/\"]}]},{\"@type\":\"BreadcrumbList\",\"@id\":\"https:\/\/ohmyhost360.com\/politica-de-cookies\/#breadcrumb\",\"itemListElement\":[{\"@type\":\"ListItem\",\"position\":1,\"name\":\"HOME\",\"item\":\"https:\/\/ohmyhost360.com\/\"},{\"@type\":\"ListItem\",\"position\":2,\"name\":\"Pol\u00edtica de cookies\"}]}]}<\/script>\n<!-- \/ Yoast SEO plugin. -->","yoast_head_json":{"title":"Pol\u00edtica de cookies - Oh my host 360","robots":{"index":"index","follow":"follow","max-snippet":"max-snippet:-1","max-image-preview":"max-image-preview:large","max-video-preview":"max-video-preview:-1"},"canonical":"https:\/\/ohmyhost360.com\/en\/politica-de-cookies\/","og_locale":"en_GB","og_type":"article","og_title":"Pol\u00edtica de cookies - Oh my host 360","og_description":"Una cookie se refiere a un fichero que es enviado con la finalidad de solicitar permiso para almacenarse en su ordenador, al aceptar dicho fichero se crea y la cookie sirve entonces para tener informaci\u00f3n respecto al tr\u00e1fico web, y tambi\u00e9n facilita las futuras visitas a una web recurrente. Otra funci\u00f3n que tienen las cookies [&hellip;]","og_url":"https:\/\/ohmyhost360.com\/en\/politica-de-cookies\/","og_site_name":"Oh my host 360","article_modified_time":"2022-03-25T12:29:42+00:00","twitter_card":"summary_large_image","twitter_misc":{"Estimated reading time":"1 minute"},"schema":{"@context":"https:\/\/schema.org","@graph":[{"@type":"WebSite","@id":"https:\/\/ohmyhost360.com\/#website","url":"https:\/\/ohmyhost360.com\/","name":"Oh my host 360","description":"Alquiler y gesti\u00f3n de apartamentos tur\u00edsticos en Gran Canaria","potentialAction":[{"@type":"SearchAction","target":{"@type":"EntryPoint","urlTemplate":"https:\/\/ohmyhost360.com\/?s={search_term_string}"},"query-input":"required name=search_term_string"}],"inLanguage":"en-GB"},{"@type":"WebPage","@id":"https:\/\/ohmyhost360.com\/politica-de-cookies\/#webpage","url":"https:\/\/ohmyhost360.com\/politica-de-cookies\/","name":"Pol\u00edtica de cookies - Oh my host 360","isPartOf":{"@id":"https:\/\/ohmyhost360.com\/#website"},"datePublished":"2022-03-25T12:29:11+00:00","dateModified":"2022-03-25T12:29:42+00:00","breadcrumb":{"@id":"https:\/\/ohmyhost360.com\/politica-de-cookies\/#breadcrumb"},"inLanguage":"en-GB","potentialAction":[{"@type":"ReadAction","target":["https:\/\/ohmyhost360.com\/politica-de-cookies\/"]}]},{"@type":"BreadcrumbList","@id":"https:\/\/ohmyhost360.com\/politica-de-cookies\/#breadcrumb","itemListElement":[{"@type":"ListItem","position":1,"name":"HOME","item":"https:\/\/ohmyhost360.com\/"},{"@type":"ListItem","position":2,"name":"Pol\u00edtica de cookies"}]}]}},"_links":{"self":[{"href":"https:\/\/ohmyhost360.com\/en\/wp-json\/wp\/v2\/pages\/1502"}],"collection":[{"href":"https:\/\/ohmyhost360.com\/en\/wp-json\/wp\/v2\/pages"}],"about":[{"href":"https:\/\/ohmyhost360.com\/en\/wp-json\/wp\/v2\/types\/page"}],"author":[{"embeddable":true,"href":"https:\/\/ohmyhost360.com\/en\/wp-json\/wp\/v2\/users\/1"}],"replies":[{"embeddable":true,"href":"https:\/\/ohmyhost360.com\/en\/wp-json\/wp\/v2\/comments?post=1502"}],"version-history":[{"count":1,"href":"https:\/\/ohmyhost360.com\/en\/wp-json\/wp\/v2\/pages\/1502\/revisions"}],"predecessor-version":[{"id":1504,"href":"https:\/\/ohmyhost360.com\/en\/wp-json\/wp\/v2\/pages\/1502\/revisions\/1504"}],"wp:attachment":[{"href":"https:\/\/ohmyhost360.com\/en\/wp-json\/wp\/v2\/media?parent=1502"}],"curies":[{"name":"wp","href":"https:\/\/api.w.org\/{rel}","templated":true}]}}