{"id":1505,"date":"2022-03-25T12:38:03","date_gmt":"2022-03-25T12:38:03","guid":{"rendered":"https:\/\/ohmyhost360.com\/?page_id=1505"},"modified":"2024-12-12T09:36:58","modified_gmt":"2024-12-12T09:36:58","slug":"politica-de-privacidad","status":"publish","type":"page","link":"https:\/\/ohmyhost360.com\/en\/politica-de-privacidad\/","title":{"rendered":"Privacy policy"},"content":{"rendered":"<p>Informaci\u00f3n adicional sobre nuestra pol\u00edtica de protecci\u00f3n de datos.<br \/>\nCom\u00fan a toda la informaci\u00f3n:<\/p>\n<p>1. \u00bfQui\u00e9n se responsabiliza del tratamiento de tus datos?<br \/>\n1.1. Responsable del Tratamiento:<br \/>\n\u25cf MORALEDA Y PAREDES S.L<br \/>\n\u25cf B13871736<br \/>\n\u25cf Calle Francisco Gourie 103, 6\u00baB , 35002 Las Palmas de Gran Canaria<br \/>\n\u25cf 0034 652 938 509<br \/>\n\u25cf propcanteras@gmail.com<\/p>\n<p>2. \u00bfCu\u00e1les son sus derechos cuando nos facilita sus datos?<\/p>\n<p>Cualquier persona tiene derecho a obtener confirmaci\u00f3n sobre si estamos tratando datos personales que les conciernen o no. En este sentido, tienes derecho a solicitar:<\/p>\n<p>\u25cf Acceso: la persona que nos facilita sus datos tendr\u00e1 derecho a obtener del responsable del tratamiento confirmaci\u00f3n de si se est\u00e1n tratando o no los datos que le concierne, as\u00ed como informaci\u00f3n detallada acerca de determinados aspectos del tratamiento que se est\u00e9 llevando a cabo.<br \/>\n\u25cf Rectificaci\u00f3n: la persona que nos facilita sus datos tendr\u00e1 derecho a obtener la rectificaci\u00f3n de los datos personales inexactos que le conciernen o a que se completen aquellos que fueran incompletos.<br \/>\n\u25cf Supresi\u00f3n: la persona que nos facilita sus datos tendr\u00e1 derecho a solicitar la supresi\u00f3n de sus datos personales; en todo caso la supresi\u00f3n estar\u00e1 sujeta a los l\u00edmites establecidos en la norma reguladora.<br \/>\n\u25cf Limitaci\u00f3n de su tratamiento: la persona que nos facilita sus datos tendr\u00e1 derecho a solicitar la limitaci\u00f3n del tratamiento de sus datos de car\u00e1cter personal.<br \/>\n\u25cf Oposici\u00f3n al tratamiento: en determinadas circunstancias, y por motivos relacionados con su situaci\u00f3n particular, las personas que nos facilitan sus datos podr\u00e1n oponerse al tratamiento de los mismos. La entidad dejar\u00e1 de tratarlos, salvo por motivos leg\u00edtimos, imperiosos, o el ejercicio o la defensa de posibles reclamaciones.<br \/>\n\u25cf Derecho a la portabilidad de sus datos: la persona que nos facilita sus datos tendr\u00e1 derecho a recibir los datos personales que le incumban, aquellos que haya facilitado a la persona responsable del tratamiento, en un formato estructurado, de uso com\u00fan y de lectura mec\u00e1nica, as\u00ed como a transmitirlos a cualquiera otra persona que pueda ser responsable del tratamiento.<\/p>\n<p>Puede ejercer los referidos derechos dirigi\u00e9ndose a la persona responsable. Para ello, puede utilizar los datos de contacto facilitados al inicio del presente documento.<\/p>\n<p>Si desea obtener informaci\u00f3n adicional respecto al ejercicio de sus derechos, tambi\u00e9n puede dirigirse a la Agencia Espa\u00f1ola de Protecci\u00f3n de Datos (AEPD).<\/p>\n<p>Asimismo, le informamos que, y si lo cree oportuno, tiene el derecho a retirar en cualquier momento el consentimiento otorgado para alguna finalidad espec\u00edfica, sin que ello afecte a la licitud del tratamiento, basado en el consentimiento previo a su retirada.<\/p>\n<p>En el caso de que entienda que no se han atendido adecuadamente sus derechos, puede presentar una reclamaci\u00f3n ante la Agencia Espa\u00f1ola de Protecci\u00f3n de Datos (C\/ Jorge Juan, 6. 28001 \u2013 Madrid o en www.agpd.es).<\/p>\n<p>Cuestiones espec\u00edficas para cada tratamiento:<\/p>\n<p>Tratamiento de CONTACTOS<br \/>\n1. \u00bfCon qu\u00e9 finalidad tratamos tus datos personales?<br \/>\n\u2013 Gestionar y dar respuesta a las solicitudes de informaci\u00f3n y presupuesto, as\u00ed como mantener contacto con fines profesionales o empresariales con las personas f\u00edsicas, incluidas las que representan a personas jur\u00eddicas, con las que la entidad mantiene relaci\u00f3n<br \/>\n2. \u00bfDurante cu\u00e1nto tiempo trataremos sus datos?<br \/>\nSe conservar\u00e1n durante el tiempo necesario para cumplir con la finalidad para la que se recabaron y para determinar las posibles responsabilidades que se pudieran derivar de dicha finalidad y del tratamiento de los datos. Una vez pasado dicho tiempo ser\u00e1n cancelados \/ suprimidos de oficio.<br \/>\n3. \u00bfPor qu\u00e9 tratamos tus datos?<br \/>\n\u2013 Inter\u00e9s leg\u00edtimo del responsable.<br \/>\n4. \u00bfA qu\u00e9 personas se comunicar\u00e1n tus datos?<br \/>\n\u2013 No se ceden datos a terceros.<\/p>\n<p>Tratamiento de COMUNICACIONES COMERCIALES<br \/>\n1. \u00bfCon qu\u00e9 finalidad tratamos tus datos personales?<br \/>\n\u2013 Realizaci\u00f3n de acciones y comunicaciones comerciales y de marketing para informar y fidelizar clientes.<br \/>\n2. \u00bfDurante cu\u00e1nto tiempo trataremos sus datos?<br \/>\nSe conservar\u00e1n durante el tiempo necesario para cumplir con la finalidad para la que se recabaron y para determinar las posibles responsabilidades que se pudieran derivar de dicha finalidad y del tratamiento de los datos. Una vez pasado dicho tiempo ser\u00e1n cancelados \/ suprimidos de oficio.<\/p>\n<p>3. \u00bfPor qu\u00e9 tratamos tus datos?<br \/>\n\u2013 Inter\u00e9s leg\u00edtimo del responsable.<br \/>\n\u2013 Consentimiento del interesado.<\/p>\n<p>4. \u00bfA qu\u00e9 personas se comunicar\u00e1n tus datos?<br \/>\n\u2013 No se ceden datos a terceros.<\/p>\n<p>Tratamiento de PRESTACI\u00d3N DEL SERVICIO<\/p>\n<p>1. \u00bfCon qu\u00e9 finalidad tratamos tus datos personales?<br \/>\n\u2013 Prestaci\u00f3n propia de nuestros servicios derivados de la actividad, Gesti\u00f3n fiscal y contable con la finalidad de cumplir con obligaciones legales.<\/p>\n<p>2. \u00bfDurante cu\u00e1nto tiempo trataremos sus datos?<br \/>\nSe conservar\u00e1n durante el tiempo necesario para cumplir con la finalidad para la que se recabaron y para determinar las posibles responsabilidades que se pudieran derivar de dicha finalidad y del tratamiento de los datos. Una vez pasado dicho tiempo ser\u00e1n cancelados \/ suprimidos de oficio.<\/p>\n<p>3. \u00bfPor qu\u00e9 tratamos tus datos?<br \/>\n\u2013 Relaci\u00f3n contractual para la ejecuci\u00f3n de un contrato.<br \/>\n\u2013 Inter\u00e9s leg\u00edtimo del responsable.<br \/>\n\u2013 Consentimiento del interesado.<\/p>\n<p>4. \u00bfA qu\u00e9 personas se comunicar\u00e1n tus datos?<br \/>\n-Organizaciones o personas directamente relacionadas con el responsable, Bancos, cajas de ahorro y cajas rurales.<\/p>\n<p>Tratamiento de EJERCICIO DE LOS DERECHOS<br \/>\n1. \u00bfCon qu\u00e9 finalidad tratamos tus datos personales?<br \/>\n\u2013 Gesti\u00f3n del ejercicio de los derechos contemplados en la legislaci\u00f3n de protecci\u00f3n de datos y de las hojas de reclamaciones.<\/p>\n<p>2. \u00bfDurante cu\u00e1nto tiempo trataremos sus datos?<br \/>\nSe conservar\u00e1n durante el tiempo necesario para resolver las reclamaciones.<\/p>\n<p>3. \u00bfPor qu\u00e9 tratamos tus datos?<br \/>\n\u2013 Obligaci\u00f3n legal del responsable.<\/p>\n<p>4. \u00bfA qu\u00e9 personas se comunicar\u00e1n tus datos?<br \/>\n\u2013 Otros \u00f3rganos de la administraci\u00f3n p\u00fablica.<\/p>\n<p>Tratamiento de BRECHAS DE SEGURIDAD<br \/>\n1. \u00bfCon qu\u00e9 finalidad tratamos tus datos personales?<br \/>\n\u2013 La gesti\u00f3n y notificaci\u00f3n de brechas de seguridad.<\/p>\n<p>2. \u00bfDurante cu\u00e1nto tiempo trataremos sus datos?<br \/>\nSe conservar\u00e1n durante el tiempo necesario para cumplir con la finalidad para la que se recabaron y para determinar las posibles responsabilidades que se pudieran derivar de dicha finalidad y del tratamiento de los datos. Una vez pasado dicho tiempo ser\u00e1n cancelados \/ suprimidos de oficio.<\/p>\n<p>3. \u00bfPor qu\u00e9 tratamos tus datos?<br \/>\n\u2013 Obligaci\u00f3n legal del responsable.<\/p>\n<p>4. \u00bfA qu\u00e9 personas se comunicar\u00e1n tus datos?<br \/>\n\u2013 Otros \u00f3rganos de la administraci\u00f3n p\u00fablica.<br \/>\n\u2013 Madrid. www.agpd.es.<\/p>","protected":false},"excerpt":{"rendered":"<p>Informaci\u00f3n adicional sobre nuestra pol\u00edtica de protecci\u00f3n de datos. Com\u00fan a toda la informaci\u00f3n: 1. \u00bfQui\u00e9n se responsabiliza del tratamiento de tus datos? 1.1. Responsable del Tratamiento: \u25cf MORALEDA Y PAREDES S.L \u25cf B13871736 \u25cf Calle Francisco Gourie 103, 6\u00baB , 35002 Las Palmas de Gran Canaria \u25cf 0034 652 938 509 \u25cf propcanteras@gmail.com 2. [&hellip;]<\/p>","protected":false},"author":1,"featured_media":0,"parent":0,"menu_order":0,"comment_status":"closed","ping_status":"closed","template":"","meta":[],"yoast_head":"<!-- This site is optimized with the Yoast SEO plugin v18.4.1 - https:\/\/yoast.com\/wordpress\/plugins\/seo\/ -->\n<title>Pol\u00edtica de privacidad - Oh my host 360<\/title>\n<meta name=\"robots\" content=\"index, follow, max-snippet:-1, max-image-preview:large, max-video-preview:-1\" \/>\n<link rel=\"canonical\" href=\"https:\/\/ohmyhost360.com\/en\/politica-de-privacidad\/\" \/>\n<meta property=\"og:locale\" content=\"en_GB\" \/>\n<meta property=\"og:type\" content=\"article\" \/>\n<meta property=\"og:title\" content=\"Pol\u00edtica de privacidad - Oh my host 360\" \/>\n<meta property=\"og:description\" content=\"Informaci\u00f3n adicional sobre nuestra pol\u00edtica de protecci\u00f3n de datos. Com\u00fan a toda la informaci\u00f3n: 1. \u00bfQui\u00e9n se responsabiliza del tratamiento de tus datos? 1.1. Responsable del Tratamiento: \u25cf MORALEDA Y PAREDES S.L \u25cf B13871736 \u25cf Calle Francisco Gourie 103, 6\u00baB , 35002 Las Palmas de Gran Canaria \u25cf 0034 652 938 509 \u25cf propcanteras@gmail.com 2. [&hellip;]\" \/>\n<meta property=\"og:url\" content=\"https:\/\/ohmyhost360.com\/en\/politica-de-privacidad\/\" \/>\n<meta property=\"og:site_name\" content=\"Oh my host 360\" \/>\n<meta property=\"article:modified_time\" content=\"2024-12-12T09:36:58+00:00\" \/>\n<meta name=\"twitter:card\" content=\"summary_large_image\" \/>\n<meta name=\"twitter:label1\" content=\"Estimated reading time\" \/>\n\t<meta name=\"twitter:data1\" content=\"5 minutes\" \/>\n<script type=\"application\/ld+json\" class=\"yoast-schema-graph\">{\"@context\":\"https:\/\/schema.org\",\"@graph\":[{\"@type\":\"WebSite\",\"@id\":\"https:\/\/ohmyhost360.com\/#website\",\"url\":\"https:\/\/ohmyhost360.com\/\",\"name\":\"Oh my host 360\",\"description\":\"Alquiler y gesti\u00f3n de apartamentos tur\u00edsticos en Gran Canaria\",\"potentialAction\":[{\"@type\":\"SearchAction\",\"target\":{\"@type\":\"EntryPoint\",\"urlTemplate\":\"https:\/\/ohmyhost360.com\/?s={search_term_string}\"},\"query-input\":\"required name=search_term_string\"}],\"inLanguage\":\"en-GB\"},{\"@type\":\"WebPage\",\"@id\":\"https:\/\/ohmyhost360.com\/politica-de-privacidad\/#webpage\",\"url\":\"https:\/\/ohmyhost360.com\/politica-de-privacidad\/\",\"name\":\"Pol\u00edtica de privacidad - Oh my host 360\",\"isPartOf\":{\"@id\":\"https:\/\/ohmyhost360.com\/#website\"},\"datePublished\":\"2022-03-25T12:38:03+00:00\",\"dateModified\":\"2024-12-12T09:36:58+00:00\",\"breadcrumb\":{\"@id\":\"https:\/\/ohmyhost360.com\/politica-de-privacidad\/#breadcrumb\"},\"inLanguage\":\"en-GB\",\"potentialAction\":[{\"@type\":\"ReadAction\",\"target\":[\"https:\/\/ohmyhost360.com\/politica-de-privacidad\/\"]}]},{\"@type\":\"BreadcrumbList\",\"@id\":\"https:\/\/ohmyhost360.com\/politica-de-privacidad\/#breadcrumb\",\"itemListElement\":[{\"@type\":\"ListItem\",\"position\":1,\"name\":\"HOME\",\"item\":\"https:\/\/ohmyhost360.com\/\"},{\"@type\":\"ListItem\",\"position\":2,\"name\":\"Pol\u00edtica de privacidad\"}]}]}<\/script>\n<!-- \/ Yoast SEO plugin. -->","yoast_head_json":{"title":"Pol\u00edtica de privacidad - Oh my host 360","robots":{"index":"index","follow":"follow","max-snippet":"max-snippet:-1","max-image-preview":"max-image-preview:large","max-video-preview":"max-video-preview:-1"},"canonical":"https:\/\/ohmyhost360.com\/en\/politica-de-privacidad\/","og_locale":"en_GB","og_type":"article","og_title":"Pol\u00edtica de privacidad - Oh my host 360","og_description":"Informaci\u00f3n adicional sobre nuestra pol\u00edtica de protecci\u00f3n de datos. Com\u00fan a toda la informaci\u00f3n: 1. \u00bfQui\u00e9n se responsabiliza del tratamiento de tus datos? 1.1. Responsable del Tratamiento: \u25cf MORALEDA Y PAREDES S.L \u25cf B13871736 \u25cf Calle Francisco Gourie 103, 6\u00baB , 35002 Las Palmas de Gran Canaria \u25cf 0034 652 938 509 \u25cf propcanteras@gmail.com 2. [&hellip;]","og_url":"https:\/\/ohmyhost360.com\/en\/politica-de-privacidad\/","og_site_name":"Oh my host 360","article_modified_time":"2024-12-12T09:36:58+00:00","twitter_card":"summary_large_image","twitter_misc":{"Estimated reading time":"5 minutes"},"schema":{"@context":"https:\/\/schema.org","@graph":[{"@type":"WebSite","@id":"https:\/\/ohmyhost360.com\/#website","url":"https:\/\/ohmyhost360.com\/","name":"Oh my host 360","description":"Alquiler y gesti\u00f3n de apartamentos tur\u00edsticos en Gran Canaria","potentialAction":[{"@type":"SearchAction","target":{"@type":"EntryPoint","urlTemplate":"https:\/\/ohmyhost360.com\/?s={search_term_string}"},"query-input":"required name=search_term_string"}],"inLanguage":"en-GB"},{"@type":"WebPage","@id":"https:\/\/ohmyhost360.com\/politica-de-privacidad\/#webpage","url":"https:\/\/ohmyhost360.com\/politica-de-privacidad\/","name":"Pol\u00edtica de privacidad - Oh my host 360","isPartOf":{"@id":"https:\/\/ohmyhost360.com\/#website"},"datePublished":"2022-03-25T12:38:03+00:00","dateModified":"2024-12-12T09:36:58+00:00","breadcrumb":{"@id":"https:\/\/ohmyhost360.com\/politica-de-privacidad\/#breadcrumb"},"inLanguage":"en-GB","potentialAction":[{"@type":"ReadAction","target":["https:\/\/ohmyhost360.com\/politica-de-privacidad\/"]}]},{"@type":"BreadcrumbList","@id":"https:\/\/ohmyhost360.com\/politica-de-privacidad\/#breadcrumb","itemListElement":[{"@type":"ListItem","position":1,"name":"HOME","item":"https:\/\/ohmyhost360.com\/"},{"@type":"ListItem","position":2,"name":"Pol\u00edtica de privacidad"}]}]}},"_links":{"self":[{"href":"https:\/\/ohmyhost360.com\/en\/wp-json\/wp\/v2\/pages\/1505"}],"collection":[{"href":"https:\/\/ohmyhost360.com\/en\/wp-json\/wp\/v2\/pages"}],"about":[{"href":"https:\/\/ohmyhost360.com\/en\/wp-json\/wp\/v2\/types\/page"}],"author":[{"embeddable":true,"href":"https:\/\/ohmyhost360.com\/en\/wp-json\/wp\/v2\/users\/1"}],"replies":[{"embeddable":true,"href":"https:\/\/ohmyhost360.com\/en\/wp-json\/wp\/v2\/comments?post=1505"}],"version-history":[{"count":3,"href":"https:\/\/ohmyhost360.com\/en\/wp-json\/wp\/v2\/pages\/1505\/revisions"}],"predecessor-version":[{"id":2045,"href":"https:\/\/ohmyhost360.com\/en\/wp-json\/wp\/v2\/pages\/1505\/revisions\/2045"}],"wp:attachment":[{"href":"https:\/\/ohmyhost360.com\/en\/wp-json\/wp\/v2\/media?parent=1505"}],"curies":[{"name":"wp","href":"https:\/\/api.w.org\/{rel}","templated":true}]}}