{"id":1506,"date":"2022-03-25T12:34:46","date_gmt":"2022-03-25T12:34:46","guid":{"rendered":"https:\/\/ohmyhost360.com\/?page_id=1506"},"modified":"2022-03-25T12:34:46","modified_gmt":"2022-03-25T12:34:46","slug":"aviso-legal","status":"publish","type":"page","link":"https:\/\/ohmyhost360.com\/en\/aviso-legal\/","title":{"rendered":"Legal notice"},"content":{"rendered":"<p style=\"font-weight: 400;\"><strong>Editor del Sitio Web<\/strong><\/p>\n<p>David Paredes Fernandez<br \/>\n32678792R<br \/>\nAvenida de Gran Canaria 32<br \/>\nEdificio Habitat, apto 318<br \/>\nPlaya del Ingles, Gran Canaria<br \/>\n<a href=\"mailto:Webdavid34@gmail.com\">Webdavid34@gmail.com<\/a><\/p>\n<p><strong>Hospedaje del Sitio Web<\/strong><\/p>\n<p><a href=\"https:\/\/hostinger.com\">Hostinger.com<\/a><br \/>\nHOSTINGER INTERNATIONAL LTD,61<br \/>\nLordou Vironos Street, 6023<br \/>\nLarnaca, Cyprus<br \/>\n<a href=\"mailto:gdpr@hostinger.com\">gdpr@hostinger.com<\/a><\/p>\n<p style=\"font-weight: 400;\"><strong>Cr\u00e9ditos<\/strong><\/p>\n<p style=\"font-weight: 400;\">Salvo indicaci\u00f3n expresa en otro sentido, cualquier v\u00eddeo, imagen o material multimedia de todo tipo hospedado en este sitio web es propiedad de <em>ohmyhost360.com<\/em> o bien se ha obtenido la autorizaci\u00f3n necesaria para su utilizaci\u00f3n.<\/p>","protected":false},"excerpt":{"rendered":"<p>Editor del Sitio Web David Paredes Fernandez 32678792R Avenida de Gran Canaria 32 Edificio Habitat, apto 318 Playa del Ingles, Gran Canaria Webdavid34@gmail.com Hospedaje del Sitio Web Hostinger.com HOSTINGER INTERNATIONAL LTD,61 Lordou Vironos Street, 6023 Larnaca, Cyprus gdpr@hostinger.com Cr\u00e9ditos Salvo indicaci\u00f3n expresa en otro sentido, cualquier v\u00eddeo, imagen o material multimedia de todo tipo hospedado [&hellip;]<\/p>","protected":false},"author":1,"featured_media":0,"parent":0,"menu_order":0,"comment_status":"closed","ping_status":"closed","template":"","meta":[],"yoast_head":"<!-- This site is optimized with the Yoast SEO plugin v18.4.1 - https:\/\/yoast.com\/wordpress\/plugins\/seo\/ -->\n<title>Aviso legal - Oh my host 360<\/title>\n<meta name=\"robots\" content=\"index, follow, max-snippet:-1, max-image-preview:large, max-video-preview:-1\" \/>\n<link rel=\"canonical\" href=\"https:\/\/ohmyhost360.com\/en\/aviso-legal\/\" \/>\n<meta property=\"og:locale\" content=\"en_GB\" \/>\n<meta property=\"og:type\" content=\"article\" \/>\n<meta property=\"og:title\" content=\"Aviso legal - Oh my host 360\" \/>\n<meta property=\"og:description\" content=\"Editor del Sitio Web David Paredes Fernandez 32678792R Avenida de Gran Canaria 32 Edificio Habitat, apto 318 Playa del Ingles, Gran Canaria Webdavid34@gmail.com Hospedaje del Sitio Web Hostinger.com HOSTINGER INTERNATIONAL LTD,61 Lordou Vironos Street, 6023 Larnaca, Cyprus gdpr@hostinger.com Cr\u00e9ditos Salvo indicaci\u00f3n expresa en otro sentido, cualquier v\u00eddeo, imagen o material multimedia de todo tipo hospedado [&hellip;]\" \/>\n<meta property=\"og:url\" content=\"https:\/\/ohmyhost360.com\/en\/aviso-legal\/\" \/>\n<meta property=\"og:site_name\" content=\"Oh my host 360\" \/>\n<meta name=\"twitter:card\" content=\"summary_large_image\" \/>\n<script type=\"application\/ld+json\" class=\"yoast-schema-graph\">{\"@context\":\"https:\/\/schema.org\",\"@graph\":[{\"@type\":\"WebSite\",\"@id\":\"https:\/\/ohmyhost360.com\/#website\",\"url\":\"https:\/\/ohmyhost360.com\/\",\"name\":\"Oh my host 360\",\"description\":\"Alquiler y gesti\u00f3n de apartamentos tur\u00edsticos en Gran Canaria\",\"potentialAction\":[{\"@type\":\"SearchAction\",\"target\":{\"@type\":\"EntryPoint\",\"urlTemplate\":\"https:\/\/ohmyhost360.com\/?s={search_term_string}\"},\"query-input\":\"required name=search_term_string\"}],\"inLanguage\":\"en-GB\"},{\"@type\":\"WebPage\",\"@id\":\"https:\/\/ohmyhost360.com\/?page_id=1506#webpage\",\"url\":\"https:\/\/ohmyhost360.com\/?page_id=1506\",\"name\":\"Aviso legal - Oh my host 360\",\"isPartOf\":{\"@id\":\"https:\/\/ohmyhost360.com\/#website\"},\"datePublished\":\"2022-03-25T12:34:46+00:00\",\"dateModified\":\"2022-03-25T12:34:46+00:00\",\"breadcrumb\":{\"@id\":\"https:\/\/ohmyhost360.com\/?page_id=1506#breadcrumb\"},\"inLanguage\":\"en-GB\",\"potentialAction\":[{\"@type\":\"ReadAction\",\"target\":[\"https:\/\/ohmyhost360.com\/?page_id=1506\"]}]},{\"@type\":\"BreadcrumbList\",\"@id\":\"https:\/\/ohmyhost360.com\/?page_id=1506#breadcrumb\",\"itemListElement\":[{\"@type\":\"ListItem\",\"position\":1,\"name\":\"HOME\",\"item\":\"https:\/\/ohmyhost360.com\/\"},{\"@type\":\"ListItem\",\"position\":2,\"name\":\"Aviso legal\"}]}]}<\/script>\n<!-- \/ Yoast SEO plugin. -->","yoast_head_json":{"title":"Aviso legal - Oh my host 360","robots":{"index":"index","follow":"follow","max-snippet":"max-snippet:-1","max-image-preview":"max-image-preview:large","max-video-preview":"max-video-preview:-1"},"canonical":"https:\/\/ohmyhost360.com\/en\/aviso-legal\/","og_locale":"en_GB","og_type":"article","og_title":"Aviso legal - Oh my host 360","og_description":"Editor del Sitio Web David Paredes Fernandez 32678792R Avenida de Gran Canaria 32 Edificio Habitat, apto 318 Playa del Ingles, Gran Canaria Webdavid34@gmail.com Hospedaje del Sitio Web Hostinger.com HOSTINGER INTERNATIONAL LTD,61 Lordou Vironos Street, 6023 Larnaca, Cyprus gdpr@hostinger.com Cr\u00e9ditos Salvo indicaci\u00f3n expresa en otro sentido, cualquier v\u00eddeo, imagen o material multimedia de todo tipo hospedado [&hellip;]","og_url":"https:\/\/ohmyhost360.com\/en\/aviso-legal\/","og_site_name":"Oh my host 360","twitter_card":"summary_large_image","schema":{"@context":"https:\/\/schema.org","@graph":[{"@type":"WebSite","@id":"https:\/\/ohmyhost360.com\/#website","url":"https:\/\/ohmyhost360.com\/","name":"Oh my host 360","description":"Alquiler y gesti\u00f3n de apartamentos tur\u00edsticos en Gran Canaria","potentialAction":[{"@type":"SearchAction","target":{"@type":"EntryPoint","urlTemplate":"https:\/\/ohmyhost360.com\/?s={search_term_string}"},"query-input":"required name=search_term_string"}],"inLanguage":"en-GB"},{"@type":"WebPage","@id":"https:\/\/ohmyhost360.com\/?page_id=1506#webpage","url":"https:\/\/ohmyhost360.com\/?page_id=1506","name":"Aviso legal - Oh my host 360","isPartOf":{"@id":"https:\/\/ohmyhost360.com\/#website"},"datePublished":"2022-03-25T12:34:46+00:00","dateModified":"2022-03-25T12:34:46+00:00","breadcrumb":{"@id":"https:\/\/ohmyhost360.com\/?page_id=1506#breadcrumb"},"inLanguage":"en-GB","potentialAction":[{"@type":"ReadAction","target":["https:\/\/ohmyhost360.com\/?page_id=1506"]}]},{"@type":"BreadcrumbList","@id":"https:\/\/ohmyhost360.com\/?page_id=1506#breadcrumb","itemListElement":[{"@type":"ListItem","position":1,"name":"HOME","item":"https:\/\/ohmyhost360.com\/"},{"@type":"ListItem","position":2,"name":"Aviso legal"}]}]}},"_links":{"self":[{"href":"https:\/\/ohmyhost360.com\/en\/wp-json\/wp\/v2\/pages\/1506"}],"collection":[{"href":"https:\/\/ohmyhost360.com\/en\/wp-json\/wp\/v2\/pages"}],"about":[{"href":"https:\/\/ohmyhost360.com\/en\/wp-json\/wp\/v2\/types\/page"}],"author":[{"embeddable":true,"href":"https:\/\/ohmyhost360.com\/en\/wp-json\/wp\/v2\/users\/1"}],"replies":[{"embeddable":true,"href":"https:\/\/ohmyhost360.com\/en\/wp-json\/wp\/v2\/comments?post=1506"}],"version-history":[{"count":0,"href":"https:\/\/ohmyhost360.com\/en\/wp-json\/wp\/v2\/pages\/1506\/revisions"}],"wp:attachment":[{"href":"https:\/\/ohmyhost360.com\/en\/wp-json\/wp\/v2\/media?parent=1506"}],"curies":[{"name":"wp","href":"https:\/\/api.w.org\/{rel}","templated":true}]}}