{"id":1531,"date":"2022-03-25T13:05:48","date_gmt":"2022-03-25T13:05:48","guid":{"rendered":"https:\/\/ohmyhost360.com\/?page_id=1531"},"modified":"2022-03-25T13:05:48","modified_gmt":"2022-03-25T13:05:48","slug":"terminos-y-condiciones","status":"publish","type":"page","link":"https:\/\/ohmyhost360.com\/en\/terminos-y-condiciones\/","title":{"rendered":"Terms and Conditions"},"content":{"rendered":"<p style=\"font-weight: 400;\"><strong><u>Condiciones de reserva<\/u><\/strong><\/p>\n<ul>\n<li style=\"font-weight: 400;\">La estancia m\u00ednima es variable seg\u00fan la \u00e9poca del a\u00f1o.<\/li>\n<li style=\"font-weight: 400;\">En el momento de la reserva del apartamento se firmar\u00e1 un contrato de alquiler vacacional.<\/li>\n<li style=\"font-weight: 400;\">La reserva del apartamento se realiza mediante el pago de alquiler de dicho apartamento.<\/li>\n<li style=\"font-weight: 400;\">En el momento de la reserva requerimos el pago del 100 % del total de la reserva.<\/li>\n<li style=\"font-weight: 400;\">El pago puede realizarse a trav\u00e9s de transferencia bancaria o Bizum.<\/li>\n<li style=\"font-weight: 400;\">Recibir\u00e1n un e-mail de confirmaci\u00f3n de la reserva.<\/li>\n<\/ul>\n<p style=\"font-weight: 400;\"><strong><u>Dep\u00f3sito en garant\u00eda<\/u><\/strong><\/p>\n<p style=\"font-weight: 400;\">Se requiere un dep\u00f3sito de 100 Euros como garant\u00eda en caso de producir alg\u00fan da\u00f1o. Este dep\u00f3sito ser\u00e1 devuelto en el momento de la salida.<\/p>\n<p style=\"font-weight: 400;\">En el caso de que hubiera alg\u00fan desperfecto, robo o p\u00e9rdida de alg\u00fan objeto, el coste del mismo ser\u00eda descontado de este dep\u00f3sito.<\/p>\n<p style=\"font-weight: 400;\">Por favor recuerde que, al aceptar nuestros T\u00e9rminos y Condiciones, usted est\u00e1 de acuerdo en que cualquier da\u00f1o causado por usted o sus compa\u00f1eros se deducir\u00e1 de su dep\u00f3sito y que usted tambi\u00e9n se responsabiliza por cualquier da\u00f1o que exceda el importe de la fianza.<\/p>\n<p style=\"font-weight: 400;\"><strong><u>Sobre la llegada y salida<\/u><\/strong><\/p>\n<p style=\"font-weight: 400;\"><u>El d\u00eda de llegada<\/u><\/p>\n<ul>\n<li style=\"font-weight: 400;\">La entrada en nuestros apartamentos es \u00abaut\u00f3noma o presencial\u00bb, es decir, le enviaremos toda la informaci\u00f3n para recoger las llaves y entrar en el apartamento sin necesidad de esperar a nadie.<\/li>\n<li style=\"font-weight: 400;\">El apartamento estar\u00e1 disponible a partir de las 15:00 horas, pero siempre intentaremos acomodar a los huespedes lo antes posible.<\/li>\n<\/ul>\n<p style=\"font-weight: 400;\"><u>El d\u00eda de salida del apartamento<\/u><\/p>\n<ul>\n<li style=\"font-weight: 400;\">Las salidas deben realizarse a las 11:00 horas o antes.<\/li>\n<li style=\"font-weight: 400;\">Si necesita una salida m\u00e1s tarde por favor pregunte si es posible cuando haga el check-in. Intentaremos acomodarle siempre que nuestra pr\u00f3xima llegada no sea temprano el mismo d\u00eda. Las salidas despu\u00e9s de las 14:00 tiene un coste de 25 euros.<\/li>\n<\/ul>\n<p style=\"font-weight: 400;\"><strong><u>Sobre la limpieza del apartamento<\/u><\/strong><\/p>\n<ul>\n<li style=\"font-weight: 400;\">En todas nuestras estancias proporcionamos toallas y s\u00e1banas limpias.<\/li>\n<li style=\"font-weight: 400;\">El apartamento estar\u00e1 completamente limpio antes de la llegada de cada hu\u00e9sped.<\/li>\n<li style=\"font-weight: 400;\">La limpieza del apartamento durante la estancia es responsabilidad de los ocupantes.<\/li>\n<li style=\"font-weight: 400;\">El cliente se compromete a preservar y mantener la propiedad en buenas condiciones.<\/li>\n<li style=\"font-weight: 400;\">En el apartamento dispone de utensilios para la limpieza.<\/li>\n<li style=\"font-weight: 400;\">Para estancias de 14 noches o mas se proporcionar\u00e1 un cambio total de s\u00e1banas y toallas.<\/li>\n<\/ul>\n<p style=\"font-weight: 400;\"><strong><u>Sobre el n\u00famero y la identidad de los hu\u00e9spedes<\/u><\/strong><\/p>\n<ul>\n<li style=\"font-weight: 400;\">El cliente informar\u00e1 del n\u00famero de hu\u00e9spedes incluidos en la reserva.<\/li>\n<li style=\"font-weight: 400;\">El cliente tendr\u00e1 que enviar todos los datos de los mayores de 14 a\u00f1os que se alojen en el apartamento requeridos por DENIA COSTA. Necesitamos cumplir con la Orden INT\/1922\/2003 y enviar los datos a la Polic\u00eda Nacional.<\/li>\n<li style=\"font-weight: 400;\">A menos que se haya acordado de otra forma, solo el n\u00famero de personas indicadas por el cliente cuando hizo la reserva, ser\u00e1 el autorizado para utilizar el apartamento.<\/li>\n<li style=\"font-weight: 400;\">Las mascotas no son permitidas salvo las autorizadas por el propietario.<\/li>\n<li style=\"font-weight: 400;\">En el momento en que se cometa alguna infracci\u00f3n de las obligaciones previamente mencionadas, el propietario del apartamento por propios criterios tendr\u00e1 el derecho de pedir al huesped que abandone el apartamento, y el huesped no tendr\u00e1 derecho a reclamar ning\u00fan tipo de compensaci\u00f3n.<\/li>\n<\/ul>\n<p style=\"font-weight: 400;\"><strong><u>Sobre el comportamiento<\/u><\/strong><\/p>\n<ul>\n<li style=\"font-weight: 400;\">La m\u00fasica alta y las fiestas est\u00e1n prohibidas. Los hu\u00e9spedes que se alojen en el apartamento deben saber que, si se producen fiestas o se escucha m\u00fasica alta, o los vecinos se quejan y\/o llaman a la polic\u00eda, esto puede dar lugar a un desalojo inmediato sin importar la hora del d\u00eda o noche.<\/li>\n<li style=\"font-weight: 400;\">Las horas de descanso son de 22.00 PM a las 09:00 AM Apreciaremos en gran medida su colaboraci\u00f3n en este tema y esperamos que entienda que estas normas son necesarias, ya que estos apartamentos se encuentran todos situados en edificios residenciales \u2013 tur\u00edsticos , y el descanso nocturno del resto de residentes debe ser respetado.<\/li>\n<li style=\"font-weight: 400;\">El cliente, al firmar el contrato, estar\u00e1 sujeto a un comportamiento correcto y decente por parte de todas las personas que le acompa\u00f1en. Si esta persona, o alguna de las personas que le acompa\u00f1a no se comporta de forma adecuada y responsable, el propietario tendr\u00e1 el derecho de pedir al huesped y a las personas que le acompa\u00f1an que abandonen el apartamento sin derecho a futuras reclamaciones ni a ning\u00fan tipo de compensaci\u00f3n. Esto tambi\u00e9n supondr\u00e1 la p\u00e9rdida del alquiler y de la fianza de garant\u00eda reembolsable.<\/li>\n<li style=\"font-weight: 400;\">No esta permitido fumar en en apartamento. Si a la salida del apartamento, este huele a humo se retendr\u00e1 todo el importe de la fianza, para limpieza de cortinas y tapicer\u00edas.<\/li>\n<li style=\"font-weight: 400;\">Recuerde tambi\u00e9n que al reservar nuestros apartamentos usted ya ha aceptado nuestros t\u00e9rminos y condiciones, y consecuentemente se esperar\u00e1 que acate estas normas.<\/li>\n<\/ul>\n<p style=\"font-weight: 400;\"><strong><u>Sobre las responsabilidades<\/u><\/strong><\/p>\n<ul>\n<li style=\"font-weight: 400;\">El propietario del apartamento no ser\u00e1 responsables de ning\u00fan da\u00f1o directo o indirecto que pueda producirse como consecuencia del uso que haya hecho el cliente del apartamento, incluyendo sin l\u00edmite da\u00f1os, seguro, p\u00e9rdidas a causa de incendios, robos o comportamientos criminales.<\/li>\n<li style=\"font-weight: 400;\">En caso de cualquier infracci\u00f3n de las obligaciones previamente mencionadas, el propietario por propios criterios tendr\u00e1 el derecho de pedir al cliente que abandone el apartamento, y el cliente no tendr\u00e1 derecho a reclamar ning\u00fan tipo de compensaci\u00f3n.<\/li>\n<\/ul>\n<p style=\"font-weight: 400;\"><strong><u>Nuestra P\u00e1gina Web<\/u><\/strong><\/p>\n<p style=\"font-weight: 400;\">OHMYHOST360 hace todo lo posible por mantener la exactitud y comprobar que los detalles de las descripciones e informaci\u00f3n que aparece en la web son exactos, OHMYHOST360 no se responsabiliza de ning\u00fan error u omisiones que puedan surgir. OHMYHOST360 tambi\u00e9n se reserva el derecho de cambiar informaci\u00f3n publicada en la web en todo momento inclusive los precios, descripciones y fotograf\u00edas. OHMYHOST360\u00a0 no garantiza el estado ni representa la conveniencia de cualquier producto o servicio publicado en su p\u00e1gina web. OHMYHOST360 se reserva el derecho de actualizar cualquiera de estos t\u00e9rminos y condiciones en cualquier momento en caso de que se exija, conforme al negocio de la empresa. Los usuarios son responsables de asegurarse de la vigencia de los t\u00e9rminos y condiciones incluidos en esta p\u00e1gina. El solo hecho de aceptar utilizar esta web implica la aceptaci\u00f3n de cualquiera de los cambios por parte de cualquier tercer parte, y que cualquier tercer parte promete acatar esos cambios. Estas condiciones no afectan los derechos estatuarios del usuario.<\/p>","protected":false},"excerpt":{"rendered":"<p>Condiciones de reserva La estancia m\u00ednima es variable seg\u00fan la \u00e9poca del a\u00f1o. En el momento de la reserva del apartamento se firmar\u00e1 un contrato de alquiler vacacional. La reserva del apartamento se realiza mediante el pago de alquiler de dicho apartamento. En el momento de la reserva requerimos el pago del 100 % del [&hellip;]<\/p>","protected":false},"author":1,"featured_media":0,"parent":0,"menu_order":0,"comment_status":"closed","ping_status":"closed","template":"","meta":[],"yoast_head":"<!-- This site is optimized with the Yoast SEO plugin v18.4.1 - https:\/\/yoast.com\/wordpress\/plugins\/seo\/ -->\n<title>T\u00e9rminos y condiciones - Oh my host 360<\/title>\n<meta name=\"robots\" content=\"index, follow, max-snippet:-1, max-image-preview:large, max-video-preview:-1\" \/>\n<link rel=\"canonical\" href=\"https:\/\/ohmyhost360.com\/en\/terminos-y-condiciones\/\" \/>\n<meta property=\"og:locale\" content=\"en_GB\" \/>\n<meta property=\"og:type\" content=\"article\" \/>\n<meta property=\"og:title\" content=\"T\u00e9rminos y condiciones - Oh my host 360\" \/>\n<meta property=\"og:description\" content=\"Condiciones de reserva La estancia m\u00ednima es variable seg\u00fan la \u00e9poca del a\u00f1o. En el momento de la reserva del apartamento se firmar\u00e1 un contrato de alquiler vacacional. La reserva del apartamento se realiza mediante el pago de alquiler de dicho apartamento. En el momento de la reserva requerimos el pago del 100 % del [&hellip;]\" \/>\n<meta property=\"og:url\" content=\"https:\/\/ohmyhost360.com\/en\/terminos-y-condiciones\/\" \/>\n<meta property=\"og:site_name\" content=\"Oh my host 360\" \/>\n<meta name=\"twitter:card\" content=\"summary_large_image\" \/>\n<meta name=\"twitter:label1\" content=\"Estimated reading time\" \/>\n\t<meta name=\"twitter:data1\" content=\"5 minutes\" \/>\n<script type=\"application\/ld+json\" class=\"yoast-schema-graph\">{\"@context\":\"https:\/\/schema.org\",\"@graph\":[{\"@type\":\"WebSite\",\"@id\":\"https:\/\/ohmyhost360.com\/#website\",\"url\":\"https:\/\/ohmyhost360.com\/\",\"name\":\"Oh my host 360\",\"description\":\"Alquiler y gesti\u00f3n de apartamentos tur\u00edsticos en Gran Canaria\",\"potentialAction\":[{\"@type\":\"SearchAction\",\"target\":{\"@type\":\"EntryPoint\",\"urlTemplate\":\"https:\/\/ohmyhost360.com\/?s={search_term_string}\"},\"query-input\":\"required name=search_term_string\"}],\"inLanguage\":\"en-GB\"},{\"@type\":\"WebPage\",\"@id\":\"https:\/\/ohmyhost360.com\/terminos-y-condiciones\/#webpage\",\"url\":\"https:\/\/ohmyhost360.com\/terminos-y-condiciones\/\",\"name\":\"T\u00e9rminos y condiciones - Oh my host 360\",\"isPartOf\":{\"@id\":\"https:\/\/ohmyhost360.com\/#website\"},\"datePublished\":\"2022-03-25T13:05:48+00:00\",\"dateModified\":\"2022-03-25T13:05:48+00:00\",\"breadcrumb\":{\"@id\":\"https:\/\/ohmyhost360.com\/terminos-y-condiciones\/#breadcrumb\"},\"inLanguage\":\"en-GB\",\"potentialAction\":[{\"@type\":\"ReadAction\",\"target\":[\"https:\/\/ohmyhost360.com\/terminos-y-condiciones\/\"]}]},{\"@type\":\"BreadcrumbList\",\"@id\":\"https:\/\/ohmyhost360.com\/terminos-y-condiciones\/#breadcrumb\",\"itemListElement\":[{\"@type\":\"ListItem\",\"position\":1,\"name\":\"HOME\",\"item\":\"https:\/\/ohmyhost360.com\/\"},{\"@type\":\"ListItem\",\"position\":2,\"name\":\"T\u00e9rminos y condiciones\"}]}]}<\/script>\n<!-- \/ Yoast SEO plugin. -->","yoast_head_json":{"title":"T\u00e9rminos y condiciones - Oh my host 360","robots":{"index":"index","follow":"follow","max-snippet":"max-snippet:-1","max-image-preview":"max-image-preview:large","max-video-preview":"max-video-preview:-1"},"canonical":"https:\/\/ohmyhost360.com\/en\/terminos-y-condiciones\/","og_locale":"en_GB","og_type":"article","og_title":"T\u00e9rminos y condiciones - Oh my host 360","og_description":"Condiciones de reserva La estancia m\u00ednima es variable seg\u00fan la \u00e9poca del a\u00f1o. En el momento de la reserva del apartamento se firmar\u00e1 un contrato de alquiler vacacional. La reserva del apartamento se realiza mediante el pago de alquiler de dicho apartamento. En el momento de la reserva requerimos el pago del 100 % del [&hellip;]","og_url":"https:\/\/ohmyhost360.com\/en\/terminos-y-condiciones\/","og_site_name":"Oh my host 360","twitter_card":"summary_large_image","twitter_misc":{"Estimated reading time":"5 minutes"},"schema":{"@context":"https:\/\/schema.org","@graph":[{"@type":"WebSite","@id":"https:\/\/ohmyhost360.com\/#website","url":"https:\/\/ohmyhost360.com\/","name":"Oh my host 360","description":"Alquiler y gesti\u00f3n de apartamentos tur\u00edsticos en Gran Canaria","potentialAction":[{"@type":"SearchAction","target":{"@type":"EntryPoint","urlTemplate":"https:\/\/ohmyhost360.com\/?s={search_term_string}"},"query-input":"required name=search_term_string"}],"inLanguage":"en-GB"},{"@type":"WebPage","@id":"https:\/\/ohmyhost360.com\/terminos-y-condiciones\/#webpage","url":"https:\/\/ohmyhost360.com\/terminos-y-condiciones\/","name":"T\u00e9rminos y condiciones - Oh my host 360","isPartOf":{"@id":"https:\/\/ohmyhost360.com\/#website"},"datePublished":"2022-03-25T13:05:48+00:00","dateModified":"2022-03-25T13:05:48+00:00","breadcrumb":{"@id":"https:\/\/ohmyhost360.com\/terminos-y-condiciones\/#breadcrumb"},"inLanguage":"en-GB","potentialAction":[{"@type":"ReadAction","target":["https:\/\/ohmyhost360.com\/terminos-y-condiciones\/"]}]},{"@type":"BreadcrumbList","@id":"https:\/\/ohmyhost360.com\/terminos-y-condiciones\/#breadcrumb","itemListElement":[{"@type":"ListItem","position":1,"name":"HOME","item":"https:\/\/ohmyhost360.com\/"},{"@type":"ListItem","position":2,"name":"T\u00e9rminos y condiciones"}]}]}},"_links":{"self":[{"href":"https:\/\/ohmyhost360.com\/en\/wp-json\/wp\/v2\/pages\/1531"}],"collection":[{"href":"https:\/\/ohmyhost360.com\/en\/wp-json\/wp\/v2\/pages"}],"about":[{"href":"https:\/\/ohmyhost360.com\/en\/wp-json\/wp\/v2\/types\/page"}],"author":[{"embeddable":true,"href":"https:\/\/ohmyhost360.com\/en\/wp-json\/wp\/v2\/users\/1"}],"replies":[{"embeddable":true,"href":"https:\/\/ohmyhost360.com\/en\/wp-json\/wp\/v2\/comments?post=1531"}],"version-history":[{"count":1,"href":"https:\/\/ohmyhost360.com\/en\/wp-json\/wp\/v2\/pages\/1531\/revisions"}],"predecessor-version":[{"id":1532,"href":"https:\/\/ohmyhost360.com\/en\/wp-json\/wp\/v2\/pages\/1531\/revisions\/1532"}],"wp:attachment":[{"href":"https:\/\/ohmyhost360.com\/en\/wp-json\/wp\/v2\/media?parent=1531"}],"curies":[{"name":"wp","href":"https:\/\/api.w.org\/{rel}","templated":true}]}}